{"id":2,"date":"2015-01-25T08:04:18","date_gmt":"2015-01-25T08:04:18","guid":{"rendered":"http:\/\/gneissl.eu\/?page_id=2"},"modified":"2015-04-07T18:18:19","modified_gmt":"2015-04-07T18:18:19","slug":"beispiel-seite","status":"publish","type":"page","link":"http:\/\/gneissl.eu\/?page_id=2","title":{"rendered":"\u00dcber uns"},"content":{"rendered":"<p>Herzlich Willkommen auf unserer Homepage!<\/p>\n<p style=\"text-align: justify;\">Wir, Berta und Johannes Gneissl, f\u00fchren\u00a0seit ein paar Jahren mit Leib und Seele unseren landwirtschaftlichen Betrieb in Ottnang. Den\u00a0Schwerpunkt haben wir dabei\u00a0auf\u00a0die Rindermast gelegt.<\/p>\n<p style=\"text-align: justify;\">Zus\u00e4tzlich bieten wir als Lohnunternehmen Dienstleistungen f\u00fcr andere Landwirte an. Unser Angebot ist breitgef\u00e4chert und reicht von der <strong>Bodenbearbeitung \u00fcber die\u00a0Saat bis hin zur Ernte<\/strong>.\u00a0Gro\u00dfen Wert legen wir dabei auf zeitgem\u00e4\u00dfe Technik unseres Fuhrparks. Dies erm\u00f6glicht uns, das beste Ergebnis f\u00fcr Sie herauszuholen und Ihnen Top-Qualit\u00e4t anbieten zu k\u00f6nnen.<\/p>\n<p style=\"text-align: justify;\">Doch es sind nicht nur die Maschinen, die uns zu einem professionellen Partner f\u00fcr Ihren Betrieb machen. Besonders wichtig ist f\u00fcr uns das Menschliche &#8211; die Art, wie wir die Dienstleistungen durchf\u00fchren. Der pers\u00f6nliche Kontakt zu unseren Kunden und eine <strong>partnerschaftliche Zusammenarbeit<\/strong> liegt uns am Herzen. Wir haben Freude bei der Arbeit und stehen f\u00fcr Verl\u00e4sslichkeit und Freundlichkeit.<\/p>\n<p style=\"text-align: justify;\">Wir freuen uns auf eine zufriedenstellende Zusammenarbeit!<\/p>\n<p>Ihre<\/p>\n<p>Berta &amp; Hannes Gneissl<\/p>\n<p>&nbsp;<\/p>\n<p style=\"text-align: left;\"><a href=\"http:\/\/gneissl.eu\/wp-content\/uploads\/2015\/01\/copyright-www.a-ss.at-2416.jpg\"><img decoding=\"async\" loading=\"lazy\" class=\"alignleft wp-image-137\" src=\"http:\/\/gneissl.eu\/wp-content\/uploads\/2015\/01\/copyright-www.a-ss.at-2416-1024x739.jpg\" alt=\"copyright www.a-ss.at 2416\" width=\"700\" height=\"505\" srcset=\"http:\/\/gneissl.eu\/wp-content\/uploads\/2015\/01\/copyright-www.a-ss.at-2416-1024x739.jpg 1024w, http:\/\/gneissl.eu\/wp-content\/uploads\/2015\/01\/copyright-www.a-ss.at-2416-300x217.jpg 300w\" sizes=\"(max-width: 700px) 100vw, 700px\" \/><\/a><\/p>\n","protected":false},"excerpt":{"rendered":"<p>Herzlich Willkommen auf unserer Homepage! Wir, Berta und Johannes Gneissl, f\u00fchren\u00a0seit ein paar Jahren mit Leib und Seele unseren landwirtschaftlichen Betrieb in Ottnang. Den\u00a0Schwerpunkt haben wir dabei\u00a0auf\u00a0die Rindermast gelegt. Zus\u00e4tzlich bieten wir als Lohnunternehmen Dienstleistungen f\u00fcr andere Landwirte an. Unser Angebot ist breitgef\u00e4chert und reicht von der Bodenbearbeitung \u00fcber die\u00a0Saat bis hin zur Ernte.\u00a0Gro\u00dfen Wert [&hellip;]<\/p>\n","protected":false},"author":1,"featured_media":0,"parent":0,"menu_order":0,"comment_status":"open","ping_status":"closed","template":"","meta":[],"_links":{"self":[{"href":"http:\/\/gneissl.eu\/index.php?rest_route=\/wp\/v2\/pages\/2"}],"collection":[{"href":"http:\/\/gneissl.eu\/index.php?rest_route=\/wp\/v2\/pages"}],"about":[{"href":"http:\/\/gneissl.eu\/index.php?rest_route=\/wp\/v2\/types\/page"}],"author":[{"embeddable":true,"href":"http:\/\/gneissl.eu\/index.php?rest_route=\/wp\/v2\/users\/1"}],"replies":[{"embeddable":true,"href":"http:\/\/gneissl.eu\/index.php?rest_route=%2Fwp%2Fv2%2Fcomments&post=2"}],"version-history":[{"count":11,"href":"http:\/\/gneissl.eu\/index.php?rest_route=\/wp\/v2\/pages\/2\/revisions"}],"predecessor-version":[{"id":236,"href":"http:\/\/gneissl.eu\/index.php?rest_route=\/wp\/v2\/pages\/2\/revisions\/236"}],"wp:attachment":[{"href":"http:\/\/gneissl.eu\/index.php?rest_route=%2Fwp%2Fv2%2Fmedia&parent=2"}],"curies":[{"name":"wp","href":"https:\/\/api.w.org\/{rel}","templated":true}]}}